{"id":11151,"date":"2023-09-01T12:06:08","date_gmt":"2023-09-01T12:06:08","guid":{"rendered":"https:\/\/home.thepeachtreepartners.com\/?page_id=11151"},"modified":"2023-09-01T12:15:21","modified_gmt":"2023-09-01T12:15:21","slug":"terms-of-use","status":"publish","type":"page","link":"https:\/\/thepeachtreepartners.com\/es\/terms-of-use\/","title":{"rendered":"Condiciones de uso"},"content":{"rendered":"<div data-elementor-type=\"wp-page\" data-elementor-id=\"11151\" class=\"elementor elementor-11151\" data-elementor-post-type=\"page\">\n\t\t\t\t\t\t<section class=\"has_ae_slider elementor-section elementor-top-section elementor-element elementor-element-eb8f98b elementor-section-boxed elementor-section-height-default elementor-section-height-default ae-bg-gallery-type-default\" data-id=\"eb8f98b\" data-element_type=\"section\" data-e-type=\"section\">\n\t\t\t\t\t\t<div class=\"elementor-container elementor-column-gap-default\">\n\t\t\t\t\t<div class=\"has_ae_slider elementor-column elementor-col-100 elementor-top-column elementor-element elementor-element-67d77f8 ae-bg-gallery-type-default\" data-id=\"67d77f8\" data-element_type=\"column\" data-e-type=\"column\">\n\t\t\t<div class=\"elementor-widget-wrap elementor-element-populated\">\n\t\t\t\t\t\t<div class=\"elementor-element elementor-element-715b192 elementor-widget elementor-widget-heading\" data-id=\"715b192\" data-element_type=\"widget\" data-e-type=\"widget\" data-widget_type=\"heading.default\">\n\t\t\t\t<div class=\"elementor-widget-container\">\n\t\t\t\t\t<h2 class=\"elementor-heading-title elementor-size-default\">Condiciones de uso<\/h2>\t\t\t\t<\/div>\n\t\t\t\t<\/div>\n\t\t\t\t<div class=\"elementor-element elementor-element-a5ff2de elementor-widget elementor-widget-text-editor\" data-id=\"a5ff2de\" data-element_type=\"widget\" data-e-type=\"widget\" data-widget_type=\"text-editor.default\">\n\t\t\t\t<div class=\"elementor-widget-container\">\n\t\t\t\t\t\t\t\t\t<p>Bienvenido al sitio web de Peachtree Partners,\u00a0 <a href=\"https:\/\/home.thepeachtreepartners.com\/\">thepeachtreepartners.com\/<\/a>.  Al acceder a este Sitio y utilizarlo, usted acepta seguir los siguientes t\u00e9rminos y condiciones y se compromete a cumplirlos legalmente.  Usted declara y garantiza que tiene la edad legal suficiente para utilizar este Sitio, o se compromete a supervisar a los menores que utilicen este Sitio, y que quedar\u00e1 vinculado por cualquier obligaci\u00f3n legal en la que pueda incurrir como resultado del uso de este Sitio. De vez en cuando podemos cambiar las Condiciones de Uso de este Sitio, as\u00ed que aseg\u00farese de consultarlas peri\u00f3dicamente.<\/p><p>RESTRICCIONES DE USO DE ESTE SITIO<\/p><p>Como condici\u00f3n para utilizar este Sitio, usted acepta las siguientes normas:<\/p><p>Usted est\u00e1 autorizado a ver y acceder a una sola copia del contenido disponible en <a href=\"https:\/\/eur02.safelinks.protection.outlook.com\/?url=https%3A%2F%2Fhome.thepeachtreepartners.com%2F&amp;data=05%7C01%7Cabdul.qadir%40Powersoft19.com%7C7dbe689916284f20f91308dbaa5e5cd5%7C9e8e49c8a21a479b8cea631632d9f081%7C0%7C0%7C638291094525204393%7CUnknown%7CTWFpbGZsb3d8eyJWIjoiMC4wLjAwMDAiLCJQIjoiV2luMzIiLCJBTiI6Ik1haWwiLCJXVCI6Mn0%3D%7C3000%7C%7C%7C&amp;sdata=dcox0kQoxkK06eF5KghE4Ir2L2TVjPXPmrvCLMxBg3k%3D&amp;reserved=0\">thepeachtreepartners.com\/<\/a> (el \"Sitio Web\") \u00fanicamente para su uso personal y no comercial. Usted puede imprimir y descargar materiales e informaci\u00f3n de este Sitio \u00fanicamente para uso personal y no comercial, siempre que todas las copias impresas contengan todos los avisos de derechos de autor y otros avisos aplicables contenidos en dichos materiales e informaci\u00f3n. Sin perjuicio de lo anterior y salvo que se permita expresamente lo contrario en el presente documento, Usted no puede copiar, distribuir (incluyendo, sin limitaci\u00f3n, el reenv\u00edo a otros), modificar, vender, reflejar, publicar, difundir, transmitir, mostrar, vender, licenciar, utilizar, reutilizar o reproducir trabajos derivados de cualquiera de los Contenidos u otros materiales mostrados en este Sitio, incluyendo, sin limitaci\u00f3n, el nombre de la Compa\u00f1\u00eda, logotipos, nombres de Ofertas de Tiempo Limitado y cualquier otra marca registrada de Peachtree Partners o sus compa\u00f1\u00edas afiliadas, para cualquier prop\u00f3sito sin nuestro consentimiento por escrito y\/o el consentimiento de cualquier tercero que consideremos necesario.  Como condici\u00f3n adicional para el uso de este Sitio, Usted garantiza a Peachtree Partners que no utilizar\u00e1 este Sitio para ning\u00fan prop\u00f3sito que sea ilegal o est\u00e9 prohibido por estos T\u00e9rminos y Condiciones.<\/p><p>Usted no puede acceder o utilizar este Sitio de ninguna manera que pueda o tenga la intenci\u00f3n de da\u00f1ar o perjudicar el funcionamiento de este Sitio, o cualquier contenido o material mostrado en este Sitio, o cualquier servidor o red subyacente a este Sitio, o que interfiera con el uso y disfrute de este Sitio por parte de cualquier otra persona; Usted no puede acceder o utilizar este Sitio de ninguna manera que pueda o tenga la intenci\u00f3n de amenazar, difamar, abusar, agredir, acechar, acosar o violar de cualquier otra manera los derechos de cualquier otra persona o entidad, incluyendo sin limitaci\u00f3n, los derechos de privacidad o publicidad; No podr\u00e1 acceder ni intentar acceder a ning\u00fan dato, informaci\u00f3n, sistema o servidor en el que est\u00e9 alojado este Sitio, ni modificar o alterar este Sitio de ning\u00fan modo; no podr\u00e1 transmitir ni difundir ning\u00fan mensaje comercial, texto, fotograf\u00eda, v\u00eddeo o contenido de audio; o no podr\u00e1 enlazar, enmarcar o reproducir de cualquier otro modo este Sitio sin nuestro consentimiento previo, salvo que pueda identificar productos por su nombre o enlazar con este Sitio si cumple las Directrices para Sitios Externos que se establecen a continuaci\u00f3n.<\/p><p>Peachtree Partners se reserva el derecho de modificar, suspender, interrumpir o cancelar permanentemente el funcionamiento del Sitio, o partes del mismo, con o sin previo aviso. Adem\u00e1s, Peachtree Partners no ser\u00e1 responsable de ning\u00fan da\u00f1o o p\u00e9rdida, incluidos, entre otros, fallos de funcionamiento, errores, interrupciones u omisiones o fallos del servicio.<\/p>\t\t\t\t\t\t\t\t<\/div>\n\t\t\t\t<\/div>\n\t\t\t\t\t<\/div>\n\t\t<\/div>\n\t\t\t\t\t<\/div>\n\t\t<\/section>\n\t\t\t\t<\/div>","protected":false},"excerpt":{"rendered":"<p>Terms Of Use Welcome to Peachtree Partners website,\u00a0 thepeachtreepartners.com\/.\u00a0 By accessing and using this Site, you agree to follow and be bound by the following terms and conditions set forth [&hellip;]<\/p>\n","protected":false},"author":17,"featured_media":0,"parent":0,"menu_order":0,"comment_status":"closed","ping_status":"closed","template":"","meta":{"_price":"","_stock":"","_tribe_ticket_header":"","_tribe_default_ticket_provider":"","_tribe_ticket_capacity":"0","_ticket_start_date":"","_ticket_end_date":"","_tribe_ticket_show_description":"","_tribe_ticket_show_not_going":false,"_tribe_ticket_use_global_stock":"","_tribe_ticket_global_stock_level":"","_global_stock_mode":"","_global_stock_cap":"","_tribe_rsvp_for_event":"","_tribe_ticket_going_count":"","_tribe_ticket_not_going_count":"","_tribe_tickets_list":"[]","_tribe_ticket_has_attendee_info_fields":false,"_EventAllDay":false,"_EventTimezone":"","_EventStartDate":"","_EventEndDate":"","_EventStartDateUTC":"","_EventEndDateUTC":"","_EventShowMap":false,"_EventShowMapLink":false,"_EventURL":"","_EventCost":"","_EventCostDescription":"","_EventCurrencySymbol":"","_EventCurrencyCode":"","_EventCurrencyPosition":"","_EventDateTimeSeparator":"","_EventTimeRangeSeparator":"","_EventOrganizerID":[],"_EventVenueID":[],"_OrganizerEmail":"","_OrganizerPhone":"","_OrganizerWebsite":"","_VenueAddress":"","_VenueCity":"","_VenueCountry":"","_VenueProvince":"","_VenueState":"","_VenueZip":"","_VenuePhone":"","_VenueURL":"","_VenueStateProvince":"","_VenueLat":"","_VenueLng":"","_VenueShowMap":false,"_VenueShowMapLink":false,"footnotes":"","_tec_slr_enabled":"","_tec_slr_layout":""},"class_list":["post-11151","page","type-page","status-publish","hentry"],"ticketed":false,"_links":{"self":[{"href":"https:\/\/thepeachtreepartners.com\/es\/wp-json\/wp\/v2\/pages\/11151","targetHints":{"allow":["GET"]}}],"collection":[{"href":"https:\/\/thepeachtreepartners.com\/es\/wp-json\/wp\/v2\/pages"}],"about":[{"href":"https:\/\/thepeachtreepartners.com\/es\/wp-json\/wp\/v2\/types\/page"}],"author":[{"embeddable":true,"href":"https:\/\/thepeachtreepartners.com\/es\/wp-json\/wp\/v2\/users\/17"}],"replies":[{"embeddable":true,"href":"https:\/\/thepeachtreepartners.com\/es\/wp-json\/wp\/v2\/comments?post=11151"}],"version-history":[{"count":10,"href":"https:\/\/thepeachtreepartners.com\/es\/wp-json\/wp\/v2\/pages\/11151\/revisions"}],"predecessor-version":[{"id":11169,"href":"https:\/\/thepeachtreepartners.com\/es\/wp-json\/wp\/v2\/pages\/11151\/revisions\/11169"}],"wp:attachment":[{"href":"https:\/\/thepeachtreepartners.com\/es\/wp-json\/wp\/v2\/media?parent=11151"}],"curies":[{"name":"wp","href":"https:\/\/api.w.org\/{rel}","templated":true}]}}