{"id":11295,"date":"2023-10-25T15:51:44","date_gmt":"2023-10-25T15:51:44","guid":{"rendered":"https:\/\/home.thepeachtreepartners.com\/?page_id=11295"},"modified":"2023-10-25T16:13:02","modified_gmt":"2023-10-25T16:13:02","slug":"privacy-policy","status":"publish","type":"page","link":"https:\/\/thepeachtreepartners.com\/es\/privacy-policy\/","title":{"rendered":"Pol\u00edtica de privacidad"},"content":{"rendered":"<div data-elementor-type=\"wp-page\" data-elementor-id=\"11295\" class=\"elementor elementor-11295\" data-elementor-post-type=\"page\">\n\t\t\t\t\t\t<section class=\"has_ae_slider elementor-section elementor-top-section elementor-element elementor-element-973a955 elementor-section-boxed elementor-section-height-default elementor-section-height-default ae-bg-gallery-type-default\" data-id=\"973a955\" data-element_type=\"section\" data-e-type=\"section\">\n\t\t\t\t\t\t<div class=\"elementor-container elementor-column-gap-default\">\n\t\t\t\t\t<div class=\"has_ae_slider elementor-column elementor-col-100 elementor-top-column elementor-element elementor-element-8838166 ae-bg-gallery-type-default\" data-id=\"8838166\" data-element_type=\"column\" data-e-type=\"column\">\n\t\t\t<div class=\"elementor-widget-wrap elementor-element-populated\">\n\t\t\t\t\t\t<div class=\"elementor-element elementor-element-af25f5a elementor-widget elementor-widget-heading\" data-id=\"af25f5a\" data-element_type=\"widget\" data-e-type=\"widget\" data-widget_type=\"heading.default\">\n\t\t\t\t<div class=\"elementor-widget-container\">\n\t\t\t\t\t<h1 class=\"elementor-heading-title elementor-size-default\">Pol\u00edtica de privacidad<\/h1>\t\t\t\t<\/div>\n\t\t\t\t<\/div>\n\t\t\t\t<div class=\"elementor-element elementor-element-b59b43f elementor-widget elementor-widget-heading\" data-id=\"b59b43f\" data-element_type=\"widget\" data-e-type=\"widget\" data-widget_type=\"heading.default\">\n\t\t\t\t<div class=\"elementor-widget-container\">\n\t\t\t\t\t<h2 class=\"elementor-heading-title elementor-size-default\">Introducci\u00f3n <\/h2>\t\t\t\t<\/div>\n\t\t\t\t<\/div>\n\t\t\t\t<div class=\"elementor-element elementor-element-d59cb00 elementor-widget elementor-widget-text-editor\" data-id=\"d59cb00\" data-element_type=\"widget\" data-e-type=\"widget\" data-widget_type=\"text-editor.default\">\n\t\t\t\t<div class=\"elementor-widget-container\">\n\t\t\t\t\t\t\t\t\tEsta pol\u00edtica de privacidad describe c\u00f3mo recopilamos, utilizamos, divulgamos y protegemos la informaci\u00f3n personal que obtenemos de los usuarios de nuestra aplicaci\u00f3n m\u00f3vil que utiliza la c\u00e1mara para leer c\u00f3digos de barras. Nos tomamos muy en serio la privacidad de nuestros usuarios y hemos implantado medidas para garantizar la seguridad y protecci\u00f3n de su informaci\u00f3n personal. Al utilizar nuestra aplicaci\u00f3n m\u00f3vil, usted acepta los t\u00e9rminos de esta pol\u00edtica de privacidad. \t\t\t\t\t\t\t\t<\/div>\n\t\t\t\t<\/div>\n\t\t\t\t\t<\/div>\n\t\t<\/div>\n\t\t\t\t\t<\/div>\n\t\t<\/section>\n\t\t\t\t<section class=\"has_ae_slider elementor-section elementor-top-section elementor-element elementor-element-d61cbb9 elementor-section-boxed elementor-section-height-default elementor-section-height-default ae-bg-gallery-type-default\" data-id=\"d61cbb9\" data-element_type=\"section\" data-e-type=\"section\">\n\t\t\t\t\t\t<div class=\"elementor-container elementor-column-gap-default\">\n\t\t\t\t\t<div class=\"has_ae_slider elementor-column elementor-col-100 elementor-top-column elementor-element elementor-element-4bda841 ae-bg-gallery-type-default\" data-id=\"4bda841\" data-element_type=\"column\" data-e-type=\"column\">\n\t\t\t<div class=\"elementor-widget-wrap elementor-element-populated\">\n\t\t\t\t\t\t<div class=\"elementor-element elementor-element-060a005 elementor-widget elementor-widget-heading\" data-id=\"060a005\" data-element_type=\"widget\" data-e-type=\"widget\" data-widget_type=\"heading.default\">\n\t\t\t\t<div class=\"elementor-widget-container\">\n\t\t\t\t\t<h2 class=\"elementor-heading-title elementor-size-default\">Recogida de datos personales <\/h2>\t\t\t\t<\/div>\n\t\t\t\t<\/div>\n\t\t\t\t<div class=\"elementor-element elementor-element-da6c118 elementor-widget elementor-widget-text-editor\" data-id=\"da6c118\" data-element_type=\"widget\" data-e-type=\"widget\" data-widget_type=\"text-editor.default\">\n\t\t\t\t<div class=\"elementor-widget-container\">\n\t\t\t\t\t\t\t\t\tNuestra aplicaci\u00f3n m\u00f3vil que utiliza la c\u00e1mara para leer c\u00f3digos de barras puede recopilar informaci\u00f3n personal sobre usted, como su nombre, direcci\u00f3n de correo electr\u00f3nico, ubicaci\u00f3n e im\u00e1genes de la c\u00e1mara del c\u00f3digo de barras escaneado. Esta informaci\u00f3n se recopila para ofrecerle una mejor experiencia al utilizar nuestra aplicaci\u00f3n m\u00f3vil y para mejorar nuestros servicios. \t\t\t\t\t\t\t\t<\/div>\n\t\t\t\t<\/div>\n\t\t\t\t\t<\/div>\n\t\t<\/div>\n\t\t\t\t\t<\/div>\n\t\t<\/section>\n\t\t\t\t<section class=\"has_ae_slider elementor-section elementor-top-section elementor-element elementor-element-6b25677 elementor-section-boxed elementor-section-height-default elementor-section-height-default ae-bg-gallery-type-default\" data-id=\"6b25677\" data-element_type=\"section\" data-e-type=\"section\">\n\t\t\t\t\t\t<div class=\"elementor-container elementor-column-gap-default\">\n\t\t\t\t\t<div class=\"has_ae_slider elementor-column elementor-col-100 elementor-top-column elementor-element elementor-element-7d12c8c ae-bg-gallery-type-default\" data-id=\"7d12c8c\" data-element_type=\"column\" data-e-type=\"column\">\n\t\t\t<div class=\"elementor-widget-wrap elementor-element-populated\">\n\t\t\t\t\t\t<div class=\"elementor-element elementor-element-a118876 elementor-widget elementor-widget-heading\" data-id=\"a118876\" data-element_type=\"widget\" data-e-type=\"widget\" data-widget_type=\"heading.default\">\n\t\t\t\t<div class=\"elementor-widget-container\">\n\t\t\t\t\t<h2 class=\"elementor-heading-title elementor-size-default\">Uso de la informaci\u00f3n personal <\/h2>\t\t\t\t<\/div>\n\t\t\t\t<\/div>\n\t\t\t\t<div class=\"elementor-element elementor-element-4ea0252 elementor-widget elementor-widget-text-editor\" data-id=\"4ea0252\" data-element_type=\"widget\" data-e-type=\"widget\" data-widget_type=\"text-editor.default\">\n\t\t\t\t<div class=\"elementor-widget-container\">\n\t\t\t\t\t\t\t\t\tPodemos utilizar sus datos personales para prestarle servicios a trav\u00e9s de nuestra aplicaci\u00f3n m\u00f3vil, incluidos, entre otros, funciones de escaneado de c\u00f3digos de barras, servicios basados en la geolocalizaci\u00f3n y contenidos personalizados. Adem\u00e1s, podemos utilizar su informaci\u00f3n personal para comunicarnos con usted acerca de actualizaciones, cambios o mejoras en nuestra aplicaci\u00f3n m\u00f3vil o servicios. \t\t\t\t\t\t\t\t<\/div>\n\t\t\t\t<\/div>\n\t\t\t\t\t<\/div>\n\t\t<\/div>\n\t\t\t\t\t<\/div>\n\t\t<\/section>\n\t\t\t\t<section class=\"has_ae_slider elementor-section elementor-top-section elementor-element elementor-element-935015c elementor-section-boxed elementor-section-height-default elementor-section-height-default ae-bg-gallery-type-default\" data-id=\"935015c\" data-element_type=\"section\" data-e-type=\"section\">\n\t\t\t\t\t\t<div class=\"elementor-container elementor-column-gap-default\">\n\t\t\t\t\t<div class=\"has_ae_slider elementor-column elementor-col-100 elementor-top-column elementor-element elementor-element-9901342 ae-bg-gallery-type-default\" data-id=\"9901342\" data-element_type=\"column\" data-e-type=\"column\">\n\t\t\t<div class=\"elementor-widget-wrap elementor-element-populated\">\n\t\t\t\t\t\t<div class=\"elementor-element elementor-element-0ce26e0 elementor-widget elementor-widget-heading\" data-id=\"0ce26e0\" data-element_type=\"widget\" data-e-type=\"widget\" data-widget_type=\"heading.default\">\n\t\t\t\t<div class=\"elementor-widget-container\">\n\t\t\t\t\t<h2 class=\"elementor-heading-title elementor-size-default\">Divulgaci\u00f3n de informaci\u00f3n personal <\/h2>\t\t\t\t<\/div>\n\t\t\t\t<\/div>\n\t\t\t\t<div class=\"elementor-element elementor-element-1ec7471 elementor-widget elementor-widget-text-editor\" data-id=\"1ec7471\" data-element_type=\"widget\" data-e-type=\"widget\" data-widget_type=\"text-editor.default\">\n\t\t\t\t<div class=\"elementor-widget-container\">\n\t\t\t\t\t\t\t\t\tPodemos revelar su informaci\u00f3n personal a nuestros proveedores de servicios, como proveedores de an\u00e1lisis, redes de publicidad y otros proveedores de servicios externos, para que nos ayuden a prestarle nuestros servicios. Tambi\u00e9n podemos divulgar su informaci\u00f3n personal si as\u00ed lo exige la ley o para cumplir con una obligaci\u00f3n legal. \t\t\t\t\t\t\t\t<\/div>\n\t\t\t\t<\/div>\n\t\t\t\t\t<\/div>\n\t\t<\/div>\n\t\t\t\t\t<\/div>\n\t\t<\/section>\n\t\t\t\t<section class=\"has_ae_slider elementor-section elementor-top-section elementor-element elementor-element-ffba17c elementor-section-boxed elementor-section-height-default elementor-section-height-default ae-bg-gallery-type-default\" data-id=\"ffba17c\" data-element_type=\"section\" data-e-type=\"section\">\n\t\t\t\t\t\t<div class=\"elementor-container elementor-column-gap-default\">\n\t\t\t\t\t<div class=\"has_ae_slider elementor-column elementor-col-100 elementor-top-column elementor-element elementor-element-02d2e39 ae-bg-gallery-type-default\" data-id=\"02d2e39\" data-element_type=\"column\" data-e-type=\"column\">\n\t\t\t<div class=\"elementor-widget-wrap elementor-element-populated\">\n\t\t\t\t\t\t<div class=\"elementor-element elementor-element-a22e3cb elementor-widget elementor-widget-heading\" data-id=\"a22e3cb\" data-element_type=\"widget\" data-e-type=\"widget\" data-widget_type=\"heading.default\">\n\t\t\t\t<div class=\"elementor-widget-container\">\n\t\t\t\t\t<h2 class=\"elementor-heading-title elementor-size-default\">Protecci\u00f3n de datos personales <\/h2>\t\t\t\t<\/div>\n\t\t\t\t<\/div>\n\t\t\t\t<div class=\"elementor-element elementor-element-5feb8df elementor-widget elementor-widget-text-editor\" data-id=\"5feb8df\" data-element_type=\"widget\" data-e-type=\"widget\" data-widget_type=\"text-editor.default\">\n\t\t\t\t<div class=\"elementor-widget-container\">\n\t\t\t\t\t\t\t\t\tTomamos medidas razonables para proteger su informaci\u00f3n personal del acceso no autorizado, divulgaci\u00f3n, alteraci\u00f3n y destrucci\u00f3n. Sin embargo, no podemos garantizar la seguridad de su informaci\u00f3n personal, y usted reconoce que proporciona su informaci\u00f3n personal bajo su propio riesgo. \t\t\t\t\t\t\t\t<\/div>\n\t\t\t\t<\/div>\n\t\t\t\t\t<\/div>\n\t\t<\/div>\n\t\t\t\t\t<\/div>\n\t\t<\/section>\n\t\t\t\t<section class=\"has_ae_slider elementor-section elementor-top-section elementor-element elementor-element-bafac42 elementor-section-boxed elementor-section-height-default elementor-section-height-default ae-bg-gallery-type-default\" data-id=\"bafac42\" data-element_type=\"section\" data-e-type=\"section\">\n\t\t\t\t\t\t<div class=\"elementor-container elementor-column-gap-default\">\n\t\t\t\t\t<div class=\"has_ae_slider elementor-column elementor-col-100 elementor-top-column elementor-element elementor-element-5fcd4dd ae-bg-gallery-type-default\" data-id=\"5fcd4dd\" data-element_type=\"column\" data-e-type=\"column\">\n\t\t\t<div class=\"elementor-widget-wrap elementor-element-populated\">\n\t\t\t\t\t\t<div class=\"elementor-element elementor-element-6f1e451 elementor-widget elementor-widget-heading\" data-id=\"6f1e451\" data-element_type=\"widget\" data-e-type=\"widget\" data-widget_type=\"heading.default\">\n\t\t\t\t<div class=\"elementor-widget-container\">\n\t\t\t\t\t<h2 class=\"elementor-heading-title elementor-size-default\">Privacidad infantil <\/h2>\t\t\t\t<\/div>\n\t\t\t\t<\/div>\n\t\t\t\t<div class=\"elementor-element elementor-element-5ee24ed elementor-widget elementor-widget-text-editor\" data-id=\"5ee24ed\" data-element_type=\"widget\" data-e-type=\"widget\" data-widget_type=\"text-editor.default\">\n\t\t\t\t<div class=\"elementor-widget-container\">\n\t\t\t\t\t\t\t\t\tNuestra aplicaci\u00f3n m\u00f3vil no est\u00e1 destinada a ni\u00f1os menores de 13 a\u00f1os. No recopilamos conscientemente informaci\u00f3n personal de ni\u00f1os menores de 13 a\u00f1os. Si tenemos conocimiento de que hemos recopilado informaci\u00f3n personal de un ni\u00f1o menor de 13 a\u00f1os, tomaremos las medidas razonables para eliminar dicha informaci\u00f3n. \t\t\t\t\t\t\t\t<\/div>\n\t\t\t\t<\/div>\n\t\t\t\t\t<\/div>\n\t\t<\/div>\n\t\t\t\t\t<\/div>\n\t\t<\/section>\n\t\t\t\t<section class=\"has_ae_slider elementor-section elementor-top-section elementor-element elementor-element-7448cd9 elementor-section-boxed elementor-section-height-default elementor-section-height-default ae-bg-gallery-type-default\" data-id=\"7448cd9\" data-element_type=\"section\" data-e-type=\"section\">\n\t\t\t\t\t\t<div class=\"elementor-container elementor-column-gap-default\">\n\t\t\t\t\t<div class=\"has_ae_slider elementor-column elementor-col-100 elementor-top-column elementor-element elementor-element-233ae81 ae-bg-gallery-type-default\" data-id=\"233ae81\" data-element_type=\"column\" data-e-type=\"column\">\n\t\t\t<div class=\"elementor-widget-wrap elementor-element-populated\">\n\t\t\t\t\t\t<div class=\"elementor-element elementor-element-e2c9736 elementor-widget elementor-widget-heading\" data-id=\"e2c9736\" data-element_type=\"widget\" data-e-type=\"widget\" data-widget_type=\"heading.default\">\n\t\t\t\t<div class=\"elementor-widget-container\">\n\t\t\t\t\t<h2 class=\"elementor-heading-title elementor-size-default\">Datos del c\u00f3digo de barras <\/h2>\t\t\t\t<\/div>\n\t\t\t\t<\/div>\n\t\t\t\t<div class=\"elementor-element elementor-element-07a61f8 elementor-widget elementor-widget-text-editor\" data-id=\"07a61f8\" data-element_type=\"widget\" data-e-type=\"widget\" data-widget_type=\"text-editor.default\">\n\t\t\t\t<div class=\"elementor-widget-container\">\n\t\t\t\t\t\t\t\t\tNuestra aplicaci\u00f3n m\u00f3vil puede recopilar datos de c\u00f3digos de barras a partir de las im\u00e1genes captadas por la c\u00e1mara. Estos datos pueden incluir el tipo de c\u00f3digo de barras, el producto o art\u00edculo representado por el c\u00f3digo de barras y otra informaci\u00f3n codificada en el c\u00f3digo de barras. Podemos utilizar estos datos para mejorar nuestros servicios o compartirlos con terceros proveedores de servicios, pero no revelaremos ninguna informaci\u00f3n de identificaci\u00f3n personal contenida en los datos del c\u00f3digo de barras. \t\t\t\t\t\t\t\t<\/div>\n\t\t\t\t<\/div>\n\t\t\t\t\t<\/div>\n\t\t<\/div>\n\t\t\t\t\t<\/div>\n\t\t<\/section>\n\t\t\t\t<section class=\"has_ae_slider elementor-section elementor-top-section elementor-element elementor-element-e4a6101 elementor-section-boxed elementor-section-height-default elementor-section-height-default ae-bg-gallery-type-default\" data-id=\"e4a6101\" data-element_type=\"section\" data-e-type=\"section\">\n\t\t\t\t\t\t<div class=\"elementor-container elementor-column-gap-default\">\n\t\t\t\t\t<div class=\"has_ae_slider elementor-column elementor-col-100 elementor-top-column elementor-element elementor-element-a3e1fea ae-bg-gallery-type-default\" data-id=\"a3e1fea\" data-element_type=\"column\" data-e-type=\"column\">\n\t\t\t<div class=\"elementor-widget-wrap elementor-element-populated\">\n\t\t\t\t\t\t<div class=\"elementor-element elementor-element-82a7f98 elementor-widget elementor-widget-heading\" data-id=\"82a7f98\" data-element_type=\"widget\" data-e-type=\"widget\" data-widget_type=\"heading.default\">\n\t\t\t\t<div class=\"elementor-widget-container\">\n\t\t\t\t\t<h2 class=\"elementor-heading-title elementor-size-default\">Cambios en esta pol\u00edtica de privacidad <\/h2>\t\t\t\t<\/div>\n\t\t\t\t<\/div>\n\t\t\t\t<div class=\"elementor-element elementor-element-dd2327f elementor-widget elementor-widget-text-editor\" data-id=\"dd2327f\" data-element_type=\"widget\" data-e-type=\"widget\" data-widget_type=\"text-editor.default\">\n\t\t\t\t<div class=\"elementor-widget-container\">\n\t\t\t\t\t\t\t\t\tNos reservamos el derecho a modificar esta pol\u00edtica de privacidad en cualquier momento. Cualquier cambio se publicar\u00e1 en nuestro sitio web, y le animamos a revisar esta pol\u00edtica de privacidad peri\u00f3dicamente. \t\t\t\t\t\t\t\t<\/div>\n\t\t\t\t<\/div>\n\t\t\t\t\t<\/div>\n\t\t<\/div>\n\t\t\t\t\t<\/div>\n\t\t<\/section>\n\t\t\t\t<\/div>","protected":false},"excerpt":{"rendered":"<p>Privacy Policy Introduction This privacy policy outlines how we collect, use, disclose, and protect the personal information that we collect from users of our mobile app that uses camera for [&hellip;]<\/p>\n","protected":false},"author":17,"featured_media":0,"parent":0,"menu_order":0,"comment_status":"closed","ping_status":"closed","template":"","meta":{"_price":"","_stock":"","_tribe_ticket_header":"","_tribe_default_ticket_provider":"","_tribe_ticket_capacity":"0","_ticket_start_date":"","_ticket_end_date":"","_tribe_ticket_show_description":"","_tribe_ticket_show_not_going":false,"_tribe_ticket_use_global_stock":"","_tribe_ticket_global_stock_level":"","_global_stock_mode":"","_global_stock_cap":"","_tribe_rsvp_for_event":"","_tribe_ticket_going_count":"","_tribe_ticket_not_going_count":"","_tribe_tickets_list":"[]","_tribe_ticket_has_attendee_info_fields":false,"_EventAllDay":false,"_EventTimezone":"","_EventStartDate":"","_EventEndDate":"","_EventStartDateUTC":"","_EventEndDateUTC":"","_EventShowMap":false,"_EventShowMapLink":false,"_EventURL":"","_EventCost":"","_EventCostDescription":"","_EventCurrencySymbol":"","_EventCurrencyCode":"","_EventCurrencyPosition":"","_EventDateTimeSeparator":"","_EventTimeRangeSeparator":"","_EventOrganizerID":[],"_EventVenueID":[],"_OrganizerEmail":"","_OrganizerPhone":"","_OrganizerWebsite":"","_VenueAddress":"","_VenueCity":"","_VenueCountry":"","_VenueProvince":"","_VenueState":"","_VenueZip":"","_VenuePhone":"","_VenueURL":"","_VenueStateProvince":"","_VenueLat":"","_VenueLng":"","_VenueShowMap":false,"_VenueShowMapLink":false,"footnotes":"","_tec_slr_enabled":"","_tec_slr_layout":""},"class_list":["post-11295","page","type-page","status-publish","hentry"],"ticketed":false,"_links":{"self":[{"href":"https:\/\/thepeachtreepartners.com\/es\/wp-json\/wp\/v2\/pages\/11295","targetHints":{"allow":["GET"]}}],"collection":[{"href":"https:\/\/thepeachtreepartners.com\/es\/wp-json\/wp\/v2\/pages"}],"about":[{"href":"https:\/\/thepeachtreepartners.com\/es\/wp-json\/wp\/v2\/types\/page"}],"author":[{"embeddable":true,"href":"https:\/\/thepeachtreepartners.com\/es\/wp-json\/wp\/v2\/users\/17"}],"replies":[{"embeddable":true,"href":"https:\/\/thepeachtreepartners.com\/es\/wp-json\/wp\/v2\/comments?post=11295"}],"version-history":[{"count":8,"href":"https:\/\/thepeachtreepartners.com\/es\/wp-json\/wp\/v2\/pages\/11295\/revisions"}],"predecessor-version":[{"id":11303,"href":"https:\/\/thepeachtreepartners.com\/es\/wp-json\/wp\/v2\/pages\/11295\/revisions\/11303"}],"wp:attachment":[{"href":"https:\/\/thepeachtreepartners.com\/es\/wp-json\/wp\/v2\/media?parent=11295"}],"curies":[{"name":"wp","href":"https:\/\/api.w.org\/{rel}","templated":true}]}}