{"id":13067,"date":"2024-07-09T22:09:41","date_gmt":"2024-07-10T02:09:41","guid":{"rendered":"https:\/\/thepeachtreepartners.com\/?page_id=13067"},"modified":"2025-02-22T11:55:39","modified_gmt":"2025-02-22T16:55:39","slug":"your-story","status":"publish","type":"page","link":"https:\/\/thepeachtreepartners.com\/es\/career-center\/your-story\/","title":{"rendered":"Su historia"},"content":{"rendered":"<div data-elementor-type=\"wp-page\" data-elementor-id=\"13067\" class=\"elementor elementor-13067\" data-elementor-post-type=\"page\">\n\t\t\t\t\t\t<section class=\"has_ae_slider elementor-section elementor-top-section elementor-element elementor-element-e50321b elementor-section-boxed elementor-section-height-default elementor-section-height-default ae-bg-gallery-type-default\" data-id=\"e50321b\" data-element_type=\"section\" data-e-type=\"section\">\n\t\t\t\t\t\t<div class=\"elementor-container elementor-column-gap-default\">\n\t\t\t\t\t<div class=\"has_ae_slider elementor-column elementor-col-100 elementor-top-column elementor-element elementor-element-4a16fb6 ae-bg-gallery-type-default\" data-id=\"4a16fb6\" data-element_type=\"column\" data-e-type=\"column\">\n\t\t\t<div class=\"elementor-widget-wrap elementor-element-populated\">\n\t\t\t\t\t\t<div class=\"elementor-element elementor-element-32da2a1 elementor-widget elementor-widget-heading\" data-id=\"32da2a1\" data-element_type=\"widget\" data-e-type=\"widget\" data-widget_type=\"heading.default\">\n\t\t\t\t<div class=\"elementor-widget-container\">\n\t\t\t\t\t<h1 class=\"elementor-heading-title elementor-size-default\">Entrevista en v\u00eddeo<\/h1>\t\t\t\t<\/div>\n\t\t\t\t<\/div>\n\t\t\t\t<div class=\"elementor-element elementor-element-c827dc1 elementor-widget elementor-widget-shortcode\" data-id=\"c827dc1\" data-element_type=\"widget\" data-e-type=\"widget\" data-widget_type=\"shortcode.default\">\n\t\t\t\t<div class=\"elementor-widget-container\">\n\t\t\t\t\t\t\t<div class=\"elementor-shortcode\"><div id=\"ctiv-main-container\"\r\n\t\tdata-template-id=\"R7SIIZGj1Hn2zGhxSk0H\"\r\n\t\t>\r\n\t\t<style>\r\n\t\t  :root {\r\n\t\t\t--cliptakes-neutral: #666666;\r\n\t\t\t--cliptakes-disabled: #66666666;\r\n\t\t\t--cliptakes-main: #588dbd;\r\n\t\t\t--cliptakes-main-overlay: #588dbd50;\r\n\t\t\t--cliptakes-light: #fff;\r\n\t\t\t--cliptakes-dark: #1f1f1f;\r\n\t\t\t--cliptakes-overlay: #000000b0;\r\n\t\t\t--cliptakes-overlay-focused: #1f1f1fdd;\r\n\t\t  }\r\n\t\t<\/style><div id=\"ctiv-intro-section\" class=\"ctiv-section\"><p><strong>Bienvenido a la plataforma de v\u00eddeo de Peachtree.<\/strong><\/p>\n<p>Gracias por su inter\u00e9s en unirse a nuestro equipo en Peachtree Partners. Creemos en el poder de las conexiones personales y queremos conocerte m\u00e1s all\u00e1 de tu curr\u00edculum. Esta plataforma le permite mostrar su personalidad, habilidades de comunicaci\u00f3n y entusiasmo a trav\u00e9s de una breve entrevista en v\u00eddeo.<\/p>\n<p><strong>As\u00ed es como funciona:<\/strong><\/p>\n<ol>\n<li>Deber\u00e1 responder a 5 preguntas.<\/li>\n<li>Cada pregunta le dar\u00e1 la oportunidad de destacar sus habilidades y experiencias \u00fanicas.<\/li>\n<li>S\u00e9 t\u00fa mismo. Queremos ver tu verdadero yo.<\/li>\n<\/ol>\n<p><strong>Consejos para tu v\u00eddeo:<\/strong><\/p>\n<ul>\n<li>Busca un lugar tranquilo y bien iluminado para grabar.<\/li>\n<li>Hable con claridad y seguridad.<\/li>\n<li>Responda de forma concisa pero informativa.<\/li>\n<li>Sonr\u00ede y muestra tu entusiasmo.<\/li>\n<\/ul>\n<p>Cuando est\u00e9s listo, haz clic en el bot\u00f3n de abajo para empezar. Estamos deseando ver tus respuestas y conocerte mejor.<\/p>\n<p>Si tiene alg\u00fan problema t\u00e9cnico o necesita ayuda, p\u00f3ngase en contacto con nuestro equipo de asistencia. Para ponerse en contacto con el servicio de asistencia, puede utilizar el bot\u00f3n <a href=\"https:\/\/thepeachtreepartners.com\/es\/contact-us\/\">Contacte con nosotros <\/a>o env\u00edenos un correo electr\u00f3nico directamente a Contact@ThePeachtreePartners.com.<\/p>\n<p>Buena suerte y gracias por considerar Peachtree como el siguiente paso en tu carrera profesional.<\/p>\n<button id=\"ctiv-intro-next\" class=\"ctiv-button\">Continuar<\/button>\r\n\t\t\t<div id=\"ctiv-auth-spinner\" class=\"ctiv-hidden\"><\/div>\r\n\t\t\t<div id=\"ctiv-intro-authorization-error\" class=\"ctiv-hidden\">This interview is currently unavailable. Please ask the person who sent you this link to check their video interview settings.<\/div><\/div><form id=\"ctiv-signup-form\" class=\"ctiv-hidden ctiv-section\" action=\"\"><h1>Comience su entrevista<\/h1>\n<div class=\"ctiv-signup-row\">\r\n\t\t<label for=\"ctiv-signup-first-name\">First Name<\/label>\r\n\t\t<input\r\n\t\t  type=\"text\"\t\t  \r\n\t\t  id=\"ctiv-signup-first-name\"\r\n\t\t  name=\"firstname\"\r\n\t\t  placeholder=\"Your First Name\" required\r\n\t\t\t\t\/>\r\n\t  <\/div>\n<div class=\"ctiv-signup-row\">\r\n\t\t<label for=\"ctiv-signup-last-name\">Last Name<\/label>\r\n\t\t<input\r\n\t\t  type=\"text\"\t\t  \r\n\t\t  id=\"ctiv-signup-last-name\"\r\n\t\t  name=\"lastname\"\r\n\t\t  placeholder=\"Your Last Name\" required\r\n\t\t\t\t\/>\r\n\t  <\/div>\n<div class=\"ctiv-signup-row\">\r\n\t\t<label for=\"ctiv-signup-what-position-are-you-applying-for\">\u00bfQu\u00e9 puesto solicita?<\/label>\r\n\t\t<input\r\n\t\t  type=\"text\" class=\"ctiv-custom-input\"\t\t  \r\n\t\t  id=\"ctiv-signup-what-position-are-you-applying-for\"\r\n\t\t  name=\"What position are you applying for?\"\r\n\t\t  placeholder=\"\u00bfQu\u00e9 puesto solicita?\" required\r\n\t\t\t\t\/>\r\n\t  <\/div>\n<p>&nbsp;<\/p>\n<div>\n<h5>Pol\u00edtica de privacidad<\/h5>\n<p>Al completar esta entrevista de v\u00eddeo en l\u00ednea, nos das permiso para almacenar y compartir de forma segura tu v\u00eddeo con clientes potenciales que puedan estar contratando para puestos adecuados y\/o para tomar una decisi\u00f3n de contrataci\u00f3n interna.<\/p>\n<p>Tiene derecho a retirar este consentimiento en cualquier momento de acuerdo con nuestra pol\u00edtica de protecci\u00f3n de datos. Si tiene alguna duda sobre c\u00f3mo se utilizar\u00e1 su v\u00eddeo para garantizar su trabajo, pida aclaraciones a su asesor.<\/p>\n<div>\r\n\t\t<input type=\"checkbox\" id=\"ctiv-signup-accept\" required \/>\r\n\t\t<label for=\"ctiv-signup-accept\">I have read and agree to the Privacy Policy.<\/label>\r\n\t  <\/div>\n<\/div>\n<input type=\"submit\" value=\"Continuar\" class=\"ctiv-button\" \/><input type=\"hidden\" name=\"trp-form-language\" value=\"es\"\/><\/form>\r\n\t\t<div id=\"ctiv-nav-section\" class=\"ctiv-hidden\">\r\n            <button id=\"ctiv-nav-back\" class=\"ctiv-nav-button\">\r\n\t\t\t<svg>\r\n\t\t\t\t<use href=\"#ctiv-back-arrow-icon\"><\/use>\r\n\t\t\t<\/svg>\r\n\t\t\t<\/button>\r\n            <div id=\"ctiv-nav-bar\">\r\n\t\t\t\t<div data-id=\"-1\">Setup<\/div><div data-id=\"0\">1<\/div><div data-id=\"1\">2<\/div><div data-id=\"2\">3<\/div><div data-id=\"3\">4<\/div><div data-id=\"4\">5<\/div><div data-id=\"5\">6<\/div><div data-id=\"6\">7<\/div>\r\n\t\t\t\t<div data-id=\"7\">Upload<\/div>\r\n\t\t\t<\/div>\r\n\t\t\t<div id=\"ctiv-nav-text\"><h4 id=\"ctiv-nav-text-heading\"><\/h4><\/div>\r\n\t\t\t<button id=\"ctiv-nav-next\" class=\"ctiv-nav-button\">\r\n\t\t\t\t<svg>\r\n\t\t\t\t\t<use href=\"#ctiv-next-arrow-icon\"><\/use>\r\n\t\t\t\t<\/svg>\r\n\t\t\t<\/button>\r\n\t  \t<\/div><div id=\"ctiv-setup-section\" class=\"ctiv-hidden ctiv-section\">\r\n      <div id=\"ctiv-setup-media-error\" class=\"ctiv-hidden\">\r\n        <h3>Something went wrong.<\/h3>\r\n        <div>We can't record the interview without access to your webcam. Please click on the security lock or the camera icon at the top left of your browser and allow access to your webcam and microphone.<\/div>\r\n        <button\r\n          id=\"ctiv-setup-next-no-camera\"\r\n          class=\"ctiv-button ctiv-button-neutral\"\r\n        >Continue without camera<\/button>\r\n      <\/div>\r\n      <div id=\"ctiv-setup-video-container\" class=\"ctiv-video-container\">\r\n        <video id=\"ctiv-setup-video\" class=\"ctiv-video\" autoplay><\/video>\r\n        <div id=\"ctiv-setup-bottom-overlay\" class=\"ctiv-bottom-overlay\">\r\n          <button id=\"ctiv-setup-next\" class=\"ctiv-button\">Continuar<\/button>\r\n        <\/div>\r\n        <div id=\"ctiv-setup-devices\">\r\n          <div class=\"ctiv-dropdown\">\r\n            <button\r\n              id=\"ctiv-setup-camera-button\"\r\n              class=\"ctiv-overlay-button\"\r\n            >\r\n              <svg class=\"ctiv-svg-outline\">\r\n                <use href=\"#ctiv-camera-icon\"><\/use>\r\n              <\/svg>\r\n              <p>Camera<\/p>\r\n            <\/button>\r\n            <div\r\n              id=\"ctiv-setup-camera-options\"\r\n              class=\"ctiv-dropdown-content ctiv-hidden\"\r\n            ><\/div>\r\n          <\/div>\r\n          <div class=\"ctiv-dropdown\">\r\n            <button\r\n              id=\"ctiv-setup-microphone-button\"\r\n              class=\"ctiv-overlay-button\"\r\n            >\r\n              <svg class=\"ctiv-svg-outline\">\r\n                <use href=\"#ctiv-microphone-icon\"><\/use>\r\n              <\/svg>\r\n              <p>Microphone<\/p>\r\n            <\/button>\r\n            <div\r\n              id=\"ctiv-setup-microphone-options\"\r\n              class=\"ctiv-dropdown-content ctiv-hidden\"\r\n            ><\/div>\r\n          <\/div>\r\n          <div id=\"ctiv-setup-audio-error\" class=\"ctiv-hidden\">\r\n            No audio input detected.\r\n          <\/div>\r\n        <\/div>\r\n      <\/div>\r\n    <\/div>\r\n    <div id=\"ctiv-question-section\" class=\"ctiv-hidden ctiv-section\">\r\n    <h3 id=\"ctiv-question-text\"><\/h3>\r\n    <div id=\"ctiv-question-nocam-section\" class=\"ctiv-hidden\">\r\n      <div id=\"ctiv-question-answered-state\" class=\"ctiv-hidden\">\r\n        <svg id=\"ctiv-question-answered-icon\">\r\n          <use href=\"#ctiv-tick-icon\"><\/use>\r\n        <\/svg>\r\n        <span id=\"ctiv-question-answered-text\">Answered<\/span>\r\n      <\/div>\r\n      <div id=\"ctiv-question-nocam-video-container\" class=\"ctiv-hidden\">\r\n        <video\r\n          id=\"ctiv-question-nocam-video\"\r\n          class=\"ctiv-video\"\r\n          playsinline\r\n><\/video>\r\n        <div id=\"ctiv-question-nocam-video-controls\">\r\n          <progress id=\"ctiv-question-nocam-video-progress\"><\/progress>\r\n          <input\r\n              id=\"ctiv-question-nocam-seek\"\r\n              class=\"ctiv-slider\"\r\n              type=\"range\"\r\n              step=\"0.01\"\r\n            \/>\r\n        <\/div>\r\n      <\/div>\r\n      <div id=\"ctiv-rotate-device-note\">\r\n        <svg id=\"ctiv-rotate-device-svg\">\r\n          <use href=\"#ctiv-rotate-device-icon\"><\/use>\r\n        <\/svg>\r\n        <span id=\"ctiv-rotate-device-text\">Please record in landscape mode.<\/span>\r\n      <\/div>\r\n      <label for=\"ctiv-question-nocam-file-input\" class=\"ctiv-button\">\r\n        <input\r\n          id=\"ctiv-question-nocam-file-input\"\r\n          type=\"file\"\r\n          accept=\"video\/*\"\r\n        \/>\r\n        Record or Upload\r\n      <\/label>\r\n    <\/div>\r\n    <div\r\n      id=\"ctiv-question-video-container\"\r\n      class=\"ctiv-video-container\"\r\n    >\r\n      <video id=\"ctiv-question-video\" class=\"ctiv-video\"><\/video>\r\n      <div\r\n        id=\"ctiv-question-recording-overlay\"\r\n        class=\"ctiv-bottom-overlay\"\r\n      >\r\n        <button id=\"ctiv-question-start-recording\" class=\"ctiv-button\">Start Recording<\/button>\r\n        <button\r\n          id=\"ctiv-question-stop-recording\"\r\n          class=\"ctiv-button ctiv-hidden\"\r\n        >Stop Recording<\/button>\r\n        <div\r\n          id=\"ctiv-question-recording-indicator\"\r\n          class=\"ctiv-hidden\"\r\n        ><\/div>\r\n      <\/div>\r\n      <div id=\"ctiv-question-timer\"><\/div>\r\n      <div id=\"ctiv-question-nav-buttons\">\r\n        <button\r\n          id=\"ctiv-question-retake\"\r\n          class=\"ctiv-overlay-nav-button\"\r\n        >\r\n          <svg id=\"ctiv-retake-icon\">\r\n            <use href=\"#ctiv-retake-icon-path\"><\/use>\r\n          <\/svg> Retake\r\n        <\/button>\r\n        <button id=\"ctiv-question-next\" class=\"ctiv-overlay-nav-button\">\r\n        Siguiente \u276f\r\n        <\/button>\r\n      <\/div>\r\n      <div\r\n        id=\"ctiv-question-editing-overlay\"\r\n        class=\"ctiv-bottom-overlay\"\r\n      >\r\n        <div id=\"ctiv-question-editing-timeline\">\r\n          <div\r\n            id=\"ctiv-question-start-background\"\r\n            class=\"ctiv-trim-slider-background\"\r\n          ><\/div>\r\n          <div\r\n            id=\"ctiv-question-end-background\"\r\n            class=\"ctiv-trim-slider-background\"\r\n          ><\/div>\r\n          <div id=\"ctiv-question-trimmed-frame\"><\/div>\r\n          <input\r\n            id=\"ctiv-question-seek\"\r\n            class=\"ctiv-slider\"\r\n            type=\"range\"\r\n            step=\"0.01\"\r\n          \/>\r\n          <input\r\n            id=\"ctiv-question-start\"\r\n            class=\"ctiv-slider ctiv-trim-slider\"\r\n            type=\"range\"\r\n            step=\"0.01\"\r\n          \/>\r\n          <input\r\n            id=\"ctiv-question-end\"\r\n            class=\"ctiv-slider ctiv-trim-slider\"\r\n            type=\"range\"\r\n            step=\"0.01\"\r\n          \/>\r\n          <div id=\"ctiv-question-seek-index\">00:00<\/div>\r\n        <\/div>\r\n        <div id=\"ctiv-question-editing-controls\">\r\n          <div id=\"ctiv-question-editing-left-controls\">\r\n            <button\r\n              data-title=\"Play\"\r\n              id=\"ctiv-question-toggle-play\"\r\n              class=\"ctiv-control-button\"\r\n            >\r\n              <svg class=\"ctiv-svg\">\r\n                <use\r\n                  id=\"ctiv-question-play-icon\"\r\n                  href=\"#ctiv-play-icon\"\r\n                ><\/use>\r\n                <use\r\n                  id=\"ctiv-question-pause-icon\"\r\n                  class=\"ctiv-hidden\"\r\n                  href=\"#ctiv-pause-icon\"\r\n                ><\/use>\r\n              <\/svg>\r\n            <\/button>\r\n            <div id=\"ctiv-question-time\">\r\n              <time id=\"ctiv-question-time-elapsed\">00:00<\/time>\r\n              <span> \/ <\/span>\r\n              <time id=\"ctiv-question-duration\">00:00<\/time>\r\n            <\/div>\r\n          <\/div>\r\n          <div id=\"ctiv-question-editing-right-controls\">\r\n            <div id=\"ctiv-question-volume-controls\">\r\n              <button\r\n                data-title=\"Mute\"\r\n                id=\"ctiv-question-toggle-mute\"\r\n                class=\"ctiv-control-button\"\r\n              >\r\n                <svg class=\"ctiv-svg\">\r\n                  <use\r\n                    id=\"ctiv-question-volume-mute-icon\"\r\n                    class=\"ctiv-hidden\"\r\n                    href=\"#ctiv-volume-mute-icon\"\r\n                  ><\/use>\r\n                  <use\r\n                    id=\"ctiv-question-volume-low-icon\"\r\n                    class=\"ctiv-hidden\"\r\n                    href=\"#ctiv-volume-low-icon\"\r\n                  ><\/use>\r\n                  <use\r\n                    id=\"ctiv-question-volume-high-icon\"\r\n                    href=\"#ctiv-volume-high-icon\"\r\n                  ><\/use>\r\n                <\/svg>\r\n              <\/button>\r\n              <input\r\n                id=\"ctiv-question-volume\"\r\n                class=\"ctiv-slider\"\r\n                value=\"1\"\r\n                data-mute=\"0.5\"\r\n                type=\"range\"\r\n                max=\"1\"\r\n                min=\"0\"\r\n                step=\"0.01\"\r\n              \/>\r\n            <\/div>\r\n            <button\r\n              data-title=\"Full screen\"\r\n              id=\"ctiv-question-toggle-fullscreen\"\r\n              class=\"ctiv-control-button\"\r\n            >\r\n              <svg class=\"ctiv-svg\">\r\n                <use\r\n                  id=\"ctiv-question-fullscreen-icon\"\r\n                  href=\"#ctiv-fullscreen-icon\"\r\n                ><\/use>\r\n                <use\r\n                  id=\"ctiv-question-exit-fullscreen-icon\"\r\n                  href=\"#ctiv-fullscreen-exit-icon\"\r\n                  class=\"ctiv-hidden\"\r\n                ><\/use>\r\n              <\/svg>\r\n            <\/button>\r\n          <\/div>\r\n        <\/div>\r\n      <\/div>\r\n    <\/div>\r\n  <\/div>\r\n    <div id=\"ctiv-upload-section\" class=\"ctiv-hidden ctiv-section\">\r\n      <div id=\"ctiv-upload-before\">\r\n        <div><p><strong>Todas las preguntas contestadas.<\/strong><\/p>\n<p>Puede utilizar la barra de navegaci\u00f3n de arriba para reproducir sus respuestas y volver a contestar si es necesario.<\/p>\n<\/div>\r\n        <button id=\"ctiv-upload-button\" class=\"ctiv-button\">Enviar entrevista<\/button>\r\n      <\/div>\r\n      <div id=\"ctiv-upload-waiting\" class=\"ctiv-hidden\">\r\n        <div id=\"ctiv-upload-spinner\"><\/div>\r\n        <h5>Please leave this page open until the upload is finished.<\/h5>\r\n      <\/div>      \r\n      <div id=\"ctiv-upload-error\" class=\"ctiv-hidden\">\r\n        <h5>Something went wrong.<\/h5>\r\n        <div>Please navigate back through your answers to ensure all recordings have been completed and check your internet connection before retrying the upload.<br>\r\n        <br>\r\n        <p id=\"ctiv-upload-error-message\"><\/p>\r\n        <\/div>\r\n      <\/div>\r\n      <div id=\"ctiv-upload-after\" class=\"ctiv-hidden\"><p>Sus respuestas se han enviado correctamente y ahora puede cerrar esta p\u00e1gina.<\/p>\n<\/div>\r\n    <\/div><\/div>\r\n    <svg style=\"display: none\">\r\n      <defs>\r\n        <symbol id=\"ctiv-next-arrow-icon\" viewbox=\"0 0 24 24\">\r\n          <path d=\"M2 12h 20M12 4l10 8l-10 8\" stroke-width=\"4\" stroke-linecap=\"round\" stroke-linejoin=\"round\"\/>\r\n        <\/symbol>\r\n        <symbol id=\"ctiv-back-arrow-icon\" viewbox=\"0 0 24 24\">\r\n          <path d=\"M2 12h 20M12 4l-10 8l10 8\" stroke-width=\"4\" stroke-linecap=\"round\" stroke-linejoin=\"round\"\/>\r\n        <\/symbol>\r\n\r\n        <symbol id=\"ctiv-retake-icon-path\" viewbox=\"0 0 24 24\">\r\n          <path stroke-width=\"3.5\" stroke-linecap=\"round\" stroke-linejoin=\"round\"\r\n            d=\"M18 19A 9.5 9.5 0 1 1 18 5M18 5.5l3.5-3v9l-7-3l3.5-3l1.5 1.5\"\r\n          \/>\r\n        <\/symbol>\r\n\r\n        <symbol id=\"ctiv-camera-icon\" viewbox=\"0 0 24 24\">\r\n          <path\r\n            d=\"M1 8a2 2 0 0 1 2 -2h10a2 2 0 0 1 2 2v8a2 2 0 0 1 -2 2h-10a2 2 0 0 1 -2 -2z M18 12v-3l3-2c2 -1 2 0 2 2v3 M18 12v3l3 2c2  1 2 0 2 -2v-3\"\r\n          \/>\r\n        <\/symbol>\r\n        <symbol id=\"ctiv-microphone-icon\" viewbox=\"0 0 24 24\">\r\n          <path\r\n            d=\"M12,18 v5 M6 14 c0 3 3 5 6 5 3 0 6 -2 6 -5 M12,3 c 1.804167,0 3,1.1264585 3,2 v 8 c 0,0.873542 -1.195833,2 -3,2 -1.804167,0 -3,-1.126458 -3,-2 V 5 C 9,4.1264585 10.195833,3 12,3 Z\"\r\n          \/>\r\n        <\/symbol>\r\n\r\n        <symbol id=\"ctiv-pause-icon\" viewbox=\"0 0 24 24\">\r\n          <path d=\"M14 5h4v14h-4v-14zM6 19v-14h4v14h-4z\"><\/path>\r\n        <\/symbol>\r\n        <symbol id=\"ctiv-play-icon\" viewbox=\"0 0 24 24\">\r\n          <path d=\"M8 5l11 7-11 7v-14z\"><\/path>\r\n        <\/symbol>\r\n\r\n        <symbol id=\"ctiv-volume-high-icon\" viewbox=\"0 0 24 24\">\r\n          <path\r\n            d=\"M3 9h4l5-5v15l-5-5h-4v-5zM16.5 11.5q0 3-2.5 4v-4zM16.5 11.5q0 -3-2.5 -4v4zM20.5 11.5q0-6 -6.5 -8v2c2 0.5 4.5 2 4.75 6zM20.5 11.5q0 6 -6.5 8v-2c2 -0.5 4.5 -2 4.75 -6z\"\r\n          ><\/path>\r\n        <\/symbol>\r\n        <symbol id=\"ctiv-volume-low-icon\" viewbox=\"0 0 24 24\">\r\n          <path\r\n            d=\"M3 9h4l5-5v15l-5-5h-4v-5zM16.5 11.5q0 3-2.5 4v-4zM16.5 11.5q0 -3-2.5 -4v4z\"\r\n          ><\/path>\r\n        <\/symbol>\r\n        <symbol id=\"ctiv-volume-mute-icon\" viewbox=\"0 0 24 24\">\r\n          <path\r\n            d=\"M3 9h4l5-5v15l-5-5h-4v-5zM16.5 11.5q0 3-2.5 4v-4zM16.5 11.5q0 -3-2.5 -4v4zM20.5 11.5q0-6 -6.5 -8v2c2 0.5 4.5 2 4.75 6zM20.5 11.5q0 6 -6.5 8v-2c2 -0.5 4.5 -2 4.75 -6zM6 4l16 16l-3 0l-16-16z\"\r\n          ><\/path>\r\n        <\/symbol>\r\n\r\n        <symbol id=\"ctiv-fullscreen-icon\" viewbox=\"0 0 24 24\">\r\n          <path\r\n            d=\"M14 5h5v5h-2v-3h-3v-2zM17 17v-3h2v5h-5v-2h3zM5 10v-5h5v2h-3v3h-2zM7 14v3h3v2h-5v-5h2z\"\r\n          ><\/path>\r\n        <\/symbol>\r\n        <symbol id=\"ctiv-fullscreen-exit-icon\" viewbox=\"0 0 24 24\">\r\n          <path\r\n            d=\"M16 8h3v2h-5v-5h2v3zM14 19v-5h5v2h-3v3h-2zM8 8v-3h2v5h-5v-2h3zM5 16v-2h5v5h-2v-3h-3z\"\r\n          ><\/path>\r\n        <\/symbol>\r\n\r\n        <symbol id=\"ctiv-tick-icon\" viewbox=\"0 0 24 24\">\r\n          <path d=\"M2 12l6 6l12-12\" fill=\"none\" stroke=\"#00dd00\"\r\n            stroke-width=\"4\" stroke-linecap=\"round\" stroke-linejoin=\"round\"><\/path>\r\n        <\/symbol>\r\n        <symbol id=\"ctiv-rotate-device-icon\" viewbox=\"0 0 24 24\">\r\n          <path d=\"m1 4v16c0 1 0 1 1 1v-16h8v14h-8v2h8c1 0 1 0 1-1v-16c0-1 0-1-1-1h-8c-1 0-1 0-1 1v-1\" fill=\"#b3b3b3\"\/>\r\n          <path d=\"m22 11h-16c-1 0-1 0-1 1h16v8h-14v-8h-2v8c0 1 0 1 1 1h16c1 0 1 0 1-1v-8c0-1 0-1-1-1h1\" fill=\"#1a1a1a\"\/>\r\n          <path d=\"m17 8h2l-1 2-1-2\" fill=\"#1a1a1a\"\/>\r\n          <path d=\"M13 4 a 5,4 0 0 1 5,4\" fill=\"none\" stroke=\"#1a1a1a\" stroke-linecap=\"round\" stroke-width=\".75\"\/>\r\n        <\/symbol>\r\n      <\/defs>\r\n    <\/svg><\/div>\n\t\t\t\t\t\t<\/div>\n\t\t\t\t<\/div>\n\t\t\t\t\t<\/div>\n\t\t<\/div>\n\t\t\t\t\t<\/div>\n\t\t<\/section>\n\t\t\t\t<\/div>","protected":false},"excerpt":{"rendered":"<p>Entrevista en v\u00eddeo<\/p>","protected":false},"author":17,"featured_media":0,"parent":11990,"menu_order":0,"comment_status":"closed","ping_status":"closed","template":"","meta":{"_price":"","_stock":"","_tribe_ticket_header":"","_tribe_default_ticket_provider":"","_tribe_ticket_capacity":"0","_ticket_start_date":"","_ticket_end_date":"","_tribe_ticket_show_description":"","_tribe_ticket_show_not_going":false,"_tribe_ticket_use_global_stock":"","_tribe_ticket_global_stock_level":"","_global_stock_mode":"","_global_stock_cap":"","_tribe_rsvp_for_event":"","_tribe_ticket_going_count":"","_tribe_ticket_not_going_count":"","_tribe_tickets_list":"[]","_tribe_ticket_has_attendee_info_fields":false,"_EventAllDay":false,"_EventTimezone":"","_EventStartDate":"","_EventEndDate":"","_EventStartDateUTC":"","_EventEndDateUTC":"","_EventShowMap":false,"_EventShowMapLink":false,"_EventURL":"","_EventCost":"","_EventCostDescription":"","_EventCurrencySymbol":"","_EventCurrencyCode":"","_EventCurrencyPosition":"","_EventDateTimeSeparator":"","_EventTimeRangeSeparator":"","_EventOrganizerID":[],"_EventVenueID":[],"_OrganizerEmail":"","_OrganizerPhone":"","_OrganizerWebsite":"","_VenueAddress":"","_VenueCity":"","_VenueCountry":"","_VenueProvince":"","_VenueState":"","_VenueZip":"","_VenuePhone":"","_VenueURL":"","_VenueStateProvince":"","_VenueLat":"","_VenueLng":"","_VenueShowMap":false,"_VenueShowMapLink":false,"footnotes":"","_tec_slr_enabled":"","_tec_slr_layout":""},"class_list":["post-13067","page","type-page","status-publish","hentry"],"ticketed":false,"_links":{"self":[{"href":"https:\/\/thepeachtreepartners.com\/es\/wp-json\/wp\/v2\/pages\/13067","targetHints":{"allow":["GET"]}}],"collection":[{"href":"https:\/\/thepeachtreepartners.com\/es\/wp-json\/wp\/v2\/pages"}],"about":[{"href":"https:\/\/thepeachtreepartners.com\/es\/wp-json\/wp\/v2\/types\/page"}],"author":[{"embeddable":true,"href":"https:\/\/thepeachtreepartners.com\/es\/wp-json\/wp\/v2\/users\/17"}],"replies":[{"embeddable":true,"href":"https:\/\/thepeachtreepartners.com\/es\/wp-json\/wp\/v2\/comments?post=13067"}],"version-history":[{"count":52,"href":"https:\/\/thepeachtreepartners.com\/es\/wp-json\/wp\/v2\/pages\/13067\/revisions"}],"predecessor-version":[{"id":13133,"href":"https:\/\/thepeachtreepartners.com\/es\/wp-json\/wp\/v2\/pages\/13067\/revisions\/13133"}],"up":[{"embeddable":true,"href":"https:\/\/thepeachtreepartners.com\/es\/wp-json\/wp\/v2\/pages\/11990"}],"wp:attachment":[{"href":"https:\/\/thepeachtreepartners.com\/es\/wp-json\/wp\/v2\/media?parent=13067"}],"curies":[{"name":"wp","href":"https:\/\/api.w.org\/{rel}","templated":true}]}}