{"id":13150,"date":"2024-08-07T13:00:06","date_gmt":"2024-08-07T17:00:06","guid":{"rendered":"https:\/\/thepeachtreepartners.com\/?page_id=13150"},"modified":"2024-09-03T15:42:05","modified_gmt":"2024-09-03T19:42:05","slug":"popeyes","status":"publish","type":"page","link":"https:\/\/thepeachtreepartners.com\/es\/career-center\/popeyes\/","title":{"rendered":"Popeyes"},"content":{"rendered":"<div data-elementor-type=\"wp-page\" data-elementor-id=\"13150\" class=\"elementor elementor-13150\" data-elementor-post-type=\"page\">\n\t\t\t\t\t\t<section class=\"has_ae_slider elementor-section elementor-top-section elementor-element elementor-element-db94b00 elementor-section-boxed elementor-section-height-default elementor-section-height-default ae-bg-gallery-type-default\" data-id=\"db94b00\" data-element_type=\"section\" data-e-type=\"section\">\n\t\t\t\t\t\t<div class=\"elementor-container elementor-column-gap-default\">\n\t\t\t\t\t<div class=\"has_ae_slider elementor-column elementor-col-100 elementor-top-column elementor-element elementor-element-01ad366 ae-bg-gallery-type-default\" data-id=\"01ad366\" data-element_type=\"column\" data-e-type=\"column\">\n\t\t\t<div class=\"elementor-widget-wrap elementor-element-populated\">\n\t\t\t\t\t\t<div class=\"elementor-element elementor-element-5cab5f0 elementor-widget elementor-widget-heading\" data-id=\"5cab5f0\" data-element_type=\"widget\" data-e-type=\"widget\" data-widget_type=\"heading.default\">\n\t\t\t\t<div class=\"elementor-widget-container\">\n\t\t\t\t\t<h2 class=\"elementor-heading-title elementor-size-default\">Popeyes<\/h2>\t\t\t\t<\/div>\n\t\t\t\t<\/div>\n\t\t\t\t<div class=\"elementor-element elementor-element-49b94c2 elementor-widget elementor-widget-html\" data-id=\"49b94c2\" data-element_type=\"widget\" data-e-type=\"widget\" data-widget_type=\"html.default\">\n\t\t\t\t<div class=\"elementor-widget-container\">\n\t\t\t\t\t<!-- Elevate ATS Forms Widget --> \r\n\r\n<!-- Displays jobs managed in the Elevate ATS application --> \r\n\r\n<!-- Forms Widget --> \r\n\r\n<!-- Iframe based widget that uses the style of the hosted careers page --> \r\n\r\n<!-- Supported options --> \r\n<!-- data-jobs-url (required): The url of the hosted careers page. -->\r\n<!-- data-height-modifier: Adjusts the height of the iframe by this amount. --> \r\n<!-- data-allow-scrolling: Allows scrolling within the iframe. Any value other than \"false\" will allow scrolling. --> \r\n\r\n<div \r\n    data-jobs-url=\"https:\/\/popeyes.elevate-ats.com\" \r\n    data-height-modifier=\"20\" \r\n    data-allow-scrolling=\"yes\"\r\n    style=\"background-color: white; color: black; font-family: Arial, sans-serif;\">\r\n<\/div> \r\n\r\n<script async src=\"https:\/\/assets.applicant-tracking.com\/webpack\/forms_widget.js\"><\/script>\r\n\r\n<!-- Additional Custom CSS -->\r\n<style>\r\n    \/* Customize the iframe fields *\/\r\n    iframe {\r\n        background-color: white; \/* Background of the iframe *\/\r\n        color: black; \/* Text color inside the iframe *\/\r\n        border: none; \/* Remove iframe borders *\/\r\n    }\r\n\r\n    \/* Customizing input fields within the iframe if possible *\/\r\n    input, select, textarea {\r\n        background-color: #f0f0f0; \/* Light grey for input fields *\/\r\n        color: black; \/* Text color *\/\r\n        border: 1px solid #ccc; \/* Light grey border *\/\r\n    }\r\n<\/style>\r\n\r\n<!-- End Elevate ATS Forms Widget -->\r\n\t\t\t\t<\/div>\n\t\t\t\t<\/div>\n\t\t\t\t\t<\/div>\n\t\t<\/div>\n\t\t\t\t\t<\/div>\n\t\t<\/section>\n\t\t\t\t<\/div>","protected":false},"excerpt":{"rendered":"<p>\u00danete al equipo Popeyes | Explora las oportunidades profesionales con nosotros<\/p>\n<p>\u00bfTe apasiona la comida, el servicio y crear experiencias memorables para los clientes? En Popeyes, siempre estamos buscando personas entusiastas y dedicadas para unirse a nuestro equipo. Si usted est\u00e1 interesado en una posici\u00f3n en la cocina, servicio al cliente, o la gesti\u00f3n, Popeyes ofrece una variedad de funciones donde se puede crecer y tener \u00e9xito.<\/p>","protected":false},"author":17,"featured_media":10751,"parent":11990,"menu_order":0,"comment_status":"closed","ping_status":"closed","template":"","meta":{"_price":"","_stock":"","_tribe_ticket_header":"","_tribe_default_ticket_provider":"","_tribe_ticket_capacity":"0","_ticket_start_date":"","_ticket_end_date":"","_tribe_ticket_show_description":"","_tribe_ticket_show_not_going":false,"_tribe_ticket_use_global_stock":"","_tribe_ticket_global_stock_level":"","_global_stock_mode":"","_global_stock_cap":"","_tribe_rsvp_for_event":"","_tribe_ticket_going_count":"","_tribe_ticket_not_going_count":"","_tribe_tickets_list":"[]","_tribe_ticket_has_attendee_info_fields":false,"_EventAllDay":false,"_EventTimezone":"","_EventStartDate":"","_EventEndDate":"","_EventStartDateUTC":"","_EventEndDateUTC":"","_EventShowMap":false,"_EventShowMapLink":false,"_EventURL":"","_EventCost":"","_EventCostDescription":"","_EventCurrencySymbol":"","_EventCurrencyCode":"","_EventCurrencyPosition":"","_EventDateTimeSeparator":"","_EventTimeRangeSeparator":"","_EventOrganizerID":[],"_EventVenueID":[],"_OrganizerEmail":"","_OrganizerPhone":"","_OrganizerWebsite":"","_VenueAddress":"","_VenueCity":"","_VenueCountry":"","_VenueProvince":"","_VenueState":"","_VenueZip":"","_VenuePhone":"","_VenueURL":"","_VenueStateProvince":"","_VenueLat":"","_VenueLng":"","_VenueShowMap":false,"_VenueShowMapLink":false,"footnotes":"","_tec_slr_enabled":"","_tec_slr_layout":""},"class_list":["post-13150","page","type-page","status-publish","has-post-thumbnail","hentry"],"ticketed":false,"_links":{"self":[{"href":"https:\/\/thepeachtreepartners.com\/es\/wp-json\/wp\/v2\/pages\/13150","targetHints":{"allow":["GET"]}}],"collection":[{"href":"https:\/\/thepeachtreepartners.com\/es\/wp-json\/wp\/v2\/pages"}],"about":[{"href":"https:\/\/thepeachtreepartners.com\/es\/wp-json\/wp\/v2\/types\/page"}],"author":[{"embeddable":true,"href":"https:\/\/thepeachtreepartners.com\/es\/wp-json\/wp\/v2\/users\/17"}],"replies":[{"embeddable":true,"href":"https:\/\/thepeachtreepartners.com\/es\/wp-json\/wp\/v2\/comments?post=13150"}],"version-history":[{"count":7,"href":"https:\/\/thepeachtreepartners.com\/es\/wp-json\/wp\/v2\/pages\/13150\/revisions"}],"predecessor-version":[{"id":13258,"href":"https:\/\/thepeachtreepartners.com\/es\/wp-json\/wp\/v2\/pages\/13150\/revisions\/13258"}],"up":[{"embeddable":true,"href":"https:\/\/thepeachtreepartners.com\/es\/wp-json\/wp\/v2\/pages\/11990"}],"wp:featuredmedia":[{"embeddable":true,"href":"https:\/\/thepeachtreepartners.com\/es\/wp-json\/wp\/v2\/media\/10751"}],"wp:attachment":[{"href":"https:\/\/thepeachtreepartners.com\/es\/wp-json\/wp\/v2\/media?parent=13150"}],"curies":[{"name":"wp","href":"https:\/\/api.w.org\/{rel}","templated":true}]}}