{"id":13156,"date":"2024-08-07T13:03:08","date_gmt":"2024-08-07T17:03:08","guid":{"rendered":"https:\/\/thepeachtreepartners.com\/?page_id=13156"},"modified":"2024-09-03T16:04:30","modified_gmt":"2024-09-03T20:04:30","slug":"country-inn-suites","status":"publish","type":"page","link":"https:\/\/thepeachtreepartners.com\/es\/career-center\/country-inn-suites\/","title":{"rendered":"Country Inn &amp; Suites"},"content":{"rendered":"<div data-elementor-type=\"wp-page\" data-elementor-id=\"13156\" class=\"elementor elementor-13156\" data-elementor-post-type=\"page\">\n\t\t\t\t\t\t<section class=\"has_ae_slider elementor-section elementor-top-section elementor-element elementor-element-8817a62 elementor-section-boxed elementor-section-height-default elementor-section-height-default ae-bg-gallery-type-default\" data-id=\"8817a62\" data-element_type=\"section\" data-e-type=\"section\">\n\t\t\t\t\t\t<div class=\"elementor-container elementor-column-gap-default\">\n\t\t\t\t\t<div class=\"has_ae_slider elementor-column elementor-col-100 elementor-top-column elementor-element elementor-element-8f23587 ae-bg-gallery-type-default\" data-id=\"8f23587\" data-element_type=\"column\" data-e-type=\"column\">\n\t\t\t<div class=\"elementor-widget-wrap elementor-element-populated\">\n\t\t\t\t\t\t<div class=\"elementor-element elementor-element-2ea7945 elementor-widget elementor-widget-heading\" data-id=\"2ea7945\" data-element_type=\"widget\" data-e-type=\"widget\" data-widget_type=\"heading.default\">\n\t\t\t\t<div class=\"elementor-widget-container\">\n\t\t\t\t\t<h2 class=\"elementor-heading-title elementor-size-default\">Country Inn &amp; Suites<\/h2>\t\t\t\t<\/div>\n\t\t\t\t<\/div>\n\t\t\t\t<div class=\"elementor-element elementor-element-6db0379 elementor-widget elementor-widget-html\" data-id=\"6db0379\" data-element_type=\"widget\" data-e-type=\"widget\" data-widget_type=\"html.default\">\n\t\t\t\t<div class=\"elementor-widget-container\">\n\t\t\t\t\t<!-- Elevate ATS Forms Widget --> \r\n\r\n<!-- Displays jobs managed in the Elevate ATS application --> \r\n\r\n<!-- Forms Widget --> \r\n\r\n<!-- Iframe based widget that uses the style of the hosted careers page --> \r\n\r\n<!-- Supported options --> \r\n<!-- data-jobs-url (required): The url of the hosted careers page. -->\r\n<!-- data-height-modifier: Adjusts the height of the iframe by this amount. --> \r\n<!-- data-allow-scrolling: Allows scrolling within the iframe. Any value other than \"false\" will allow scrolling. --> \r\n\r\n<div \r\n    data-jobs-url=\"https:\/\/country-inn-suites.elevate-ats.com\" \r\n    data-height-modifier=\"20\" \r\n    data-allow-scrolling=\"yes\"\r\n    style=\"background-color: white; color: black; font-family: Arial, sans-serif;\">\r\n<\/div> \r\n\r\n<script async src=\"https:\/\/assets.applicant-tracking.com\/webpack\/forms_widget.js\"><\/script>\r\n\r\n<!-- Additional Custom CSS -->\r\n<style>\r\n    \/* Customize the iframe fields *\/\r\n    iframe {\r\n        background-color: white; \/* Background of the iframe *\/\r\n        color: black; \/* Text color inside the iframe *\/\r\n        border: none; \/* Remove iframe borders *\/\r\n    }\r\n\r\n    \/* Customizing input fields within the iframe if possible *\/\r\n    input, select, textarea {\r\n        background-color: #f0f0f0; \/* Light grey for input fields *\/\r\n        color: black; \/* Text color *\/\r\n        border: 1px solid #ccc; \/* Light grey border *\/\r\n    }\r\n<\/style>\r\n\r\n<!-- End Elevate ATS Forms Widget -->\r\n\t\t\t\t<\/div>\n\t\t\t\t<\/div>\n\t\t\t\t\t<\/div>\n\t\t<\/div>\n\t\t\t\t\t<\/div>\n\t\t<\/section>\n\t\t\t\t<\/div>","protected":false},"excerpt":{"rendered":"<p>Construye tu carrera con Country Inn &amp; Suites | Explora nuestras oportunidades de empleo<\/p>\n<p>En Country Inn &amp; Suites, creemos que los miembros de nuestro equipo son el coraz\u00f3n de nuestro \u00e9xito. Si te apasiona la hospitalidad, est\u00e1s comprometido con un servicio excepcional y deseas crecer en un entorno acogedor, entonces tu carrera en Country Inn &amp; Suites podr\u00eda ser perfecta para ti. Ofrecemos una amplia gama de oportunidades en todas nuestras ubicaciones, desde servicios para hu\u00e9spedes y limpieza hasta gesti\u00f3n y operaciones.<\/p>","protected":false},"author":17,"featured_media":10752,"parent":11990,"menu_order":0,"comment_status":"closed","ping_status":"closed","template":"","meta":{"_price":"","_stock":"","_tribe_ticket_header":"","_tribe_default_ticket_provider":"","_tribe_ticket_capacity":"0","_ticket_start_date":"","_ticket_end_date":"","_tribe_ticket_show_description":"","_tribe_ticket_show_not_going":false,"_tribe_ticket_use_global_stock":"","_tribe_ticket_global_stock_level":"","_global_stock_mode":"","_global_stock_cap":"","_tribe_rsvp_for_event":"","_tribe_ticket_going_count":"","_tribe_ticket_not_going_count":"","_tribe_tickets_list":"[]","_tribe_ticket_has_attendee_info_fields":false,"_EventAllDay":false,"_EventTimezone":"","_EventStartDate":"","_EventEndDate":"","_EventStartDateUTC":"","_EventEndDateUTC":"","_EventShowMap":false,"_EventShowMapLink":false,"_EventURL":"","_EventCost":"","_EventCostDescription":"","_EventCurrencySymbol":"","_EventCurrencyCode":"","_EventCurrencyPosition":"","_EventDateTimeSeparator":"","_EventTimeRangeSeparator":"","_EventOrganizerID":[],"_EventVenueID":[],"_OrganizerEmail":"","_OrganizerPhone":"","_OrganizerWebsite":"","_VenueAddress":"","_VenueCity":"","_VenueCountry":"","_VenueProvince":"","_VenueState":"","_VenueZip":"","_VenuePhone":"","_VenueURL":"","_VenueStateProvince":"","_VenueLat":"","_VenueLng":"","_VenueShowMap":false,"_VenueShowMapLink":false,"footnotes":"","_tec_slr_enabled":"","_tec_slr_layout":""},"class_list":["post-13156","page","type-page","status-publish","has-post-thumbnail","hentry"],"ticketed":false,"_links":{"self":[{"href":"https:\/\/thepeachtreepartners.com\/es\/wp-json\/wp\/v2\/pages\/13156","targetHints":{"allow":["GET"]}}],"collection":[{"href":"https:\/\/thepeachtreepartners.com\/es\/wp-json\/wp\/v2\/pages"}],"about":[{"href":"https:\/\/thepeachtreepartners.com\/es\/wp-json\/wp\/v2\/types\/page"}],"author":[{"embeddable":true,"href":"https:\/\/thepeachtreepartners.com\/es\/wp-json\/wp\/v2\/users\/17"}],"replies":[{"embeddable":true,"href":"https:\/\/thepeachtreepartners.com\/es\/wp-json\/wp\/v2\/comments?post=13156"}],"version-history":[{"count":7,"href":"https:\/\/thepeachtreepartners.com\/es\/wp-json\/wp\/v2\/pages\/13156\/revisions"}],"predecessor-version":[{"id":13277,"href":"https:\/\/thepeachtreepartners.com\/es\/wp-json\/wp\/v2\/pages\/13156\/revisions\/13277"}],"up":[{"embeddable":true,"href":"https:\/\/thepeachtreepartners.com\/es\/wp-json\/wp\/v2\/pages\/11990"}],"wp:featuredmedia":[{"embeddable":true,"href":"https:\/\/thepeachtreepartners.com\/es\/wp-json\/wp\/v2\/media\/10752"}],"wp:attachment":[{"href":"https:\/\/thepeachtreepartners.com\/es\/wp-json\/wp\/v2\/media?parent=13156"}],"curies":[{"name":"wp","href":"https:\/\/api.w.org\/{rel}","templated":true}]}}